{"id":66,"date":"2017-06-18T18:18:49","date_gmt":"2017-06-18T18:18:49","guid":{"rendered":"http:\/\/hpp-alexandra-lang.de\/?page_id=66"},"modified":"2018-04-12T15:24:14","modified_gmt":"2018-04-12T15:24:14","slug":"impressum","status":"publish","type":"page","link":"http:\/\/hpp-alexandra-lang.de\/?page_id=66","title":{"rendered":"Impressum \/ Datenschutz"},"content":{"rendered":"<div id=\"content2\" dir=\"LTR\">\n<p>Angaben gem\u00e4\u00df \u00a7 5 TMG:<\/p>\n<p>Quelle: <a href=\"http:\/\/www.e-recht24.de\/\"><i>e-recht24.de<\/i><\/a><\/p>\n<\/div>\n<h3 class=\"western\">Haftungsausschluss:<\/h3>\n<p><strong>Haftung f\u00fcr Inhalte<\/strong><\/p>\n<p>Die Inhalte unserer Seiten wurden mit gr\u00f6\u00dfter Sorgfalt erstellt. F\u00fcr die Richtigkeit, Vollst\u00e4ndigkeit und Aktualit\u00e4t der Inhalte k\u00f6nnen wir jedoch keine Gew\u00e4hr \u00fcbernehmen. Als Diensteanbieter sind wir gem\u00e4\u00df \u00a7 7 Abs.1 TMG f\u00fcr eigene Inhalte auf diesen Seiten nach den allgemeinen Gesetzen verantwortlich. Nach \u00a7\u00a7 8 bis 10 TMG sind wir als Diensteanbieter jedoch nicht verpflichtet, \u00fcbermittelte oder gespeicherte fremde Informationen zu \u00fcberwachen oder nach Umst\u00e4nden zu forschen, die auf eine rechtswidrige T\u00e4tigkeit hinweisen. Verpflichtungen zur Entfernung oder Sperrung der Nutzung von Informationen nach den allgemeinen Gesetzen bleiben hiervon unber\u00fchrt. Eine diesbez\u00fcgliche Haftung ist jedoch erst ab dem Zeitpunkt der Kenntnis einer konkreten Rechtsverletzung m\u00f6glich. Bei Bekanntwerden von entsprechenden Rechtsverletzungen werden wir diese Inhalte umgehend entfernen.<\/p>\n<p><strong>Haftung f\u00fcr Links<\/strong><\/p>\n<p>Unser Angebot enth\u00e4lt Links zu externen Webseiten Dritter, auf deren Inhalte wir keinen Einfluss haben. Deshalb k\u00f6nnen wir f\u00fcr diese fremden Inhalte auch keine Gew\u00e4hr \u00fcbernehmen. F\u00fcr die Inhalte der verlinkten Seiten ist stets der jeweilige Anbieter oder Betreiber der Seiten verantwortlich. Die verlinkten Seiten wurden zum Zeitpunkt der Verlinkung auf m\u00f6gliche Rechtsverst\u00f6\u00dfe \u00fcberpr\u00fcft. Rechtswidrige Inhalte waren zum Zeitpunkt der Verlinkung nicht erkennbar. Eine permanente inhaltliche Kontrolle der verlinkten Seiten ist jedoch ohne konkrete Anhaltspunkte einer Rechtsverletzung nicht zumutbar. Bei Bekanntwerden von Rechtsverletzungen werden wir derartige Links umgehend entfernen.<\/p>\n<p><strong>Urheberrecht<\/strong><\/p>\n<p>Die durch die Seitenbetreiber erstellten Inhalte und Werke auf diesen Seiten unterliegen dem deutschen Urheberrecht. Die Vervielf\u00e4ltigung, Bearbeitung, Verbreitung und jede Art der Verwertung au\u00dferhalb der Grenzen des Urheberrechtes bed\u00fcrfen der schriftlichen Zustimmung des jeweiligen Autors bzw. Erstellers. Downloads und Kopien dieser Seite sind nur f\u00fcr den privaten, nicht kommerziellen Gebrauch gestattet. Soweit die Inhalte auf dieser Seite nicht vom Betreiber erstellt wurden, werden die Urheberrechte Dritter beachtet. Insbesondere werden Inhalte Dritter als solche gekennzeichnet. Sollten Sie trotzdem auf eine Urheberrechtsverletzung aufmerksam werden, bitten wir um einen entsprechenden Hinweis. Bei Bekanntwerden von Rechtsverletzungen werden wir derartige Inhalte umgehend entfernen.<\/p>\n<p><strong>Datenschutz<\/strong><\/p>\n<p>Diese Website benutzt Google Analytics, einen Webanalysedienst der Google Inc. (\u201eGoogle\u201c). Google Analytics verwendet sog. \u201eCookies\u201c, Textdateien, die auf Ihrem Computer gespeichert werden und die eine Analyse der Benutzung der Website durch Sie erm\u00f6glichen. Die durch das Cookie erzeugten Informationen \u00fcber Ihre Benutzung dieser Website werden in der Regel an einen Server von Google in den USA \u00fcbertragen und dort gespeichert. Im Falle der Aktivierung der IP-Anonymisierung auf dieser Website, wird Ihre IP-Adresse von Google jedoch innerhalb von Mitgliedstaaten der Europ\u00e4ischen Union oder in anderen Vertragsstaaten des Abkommens \u00fcber den Europ\u00e4ischen Wirtschaftsraum zuvor gek\u00fcrzt. Nur in Ausnahmef\u00e4llen wird die volle IP-Adresse an einen Server von Google in den USA \u00fcbertragen und dort gek\u00fcrzt. Im Auftrag des Betreibers dieser Website wird Google diese Informationen benutzen, um Ihre Nutzung der Website auszuwerten, um Reports \u00fcber die Websiteaktivit\u00e4ten zusammenzustellen und um weitere mit der Websitenutzung und der Internetnutzung verbundene Dienstleistungen gegen\u00fcber dem Websitebetreiber zu erbringen. Die im Rahmen von Google Analytics von Ihrem Browser \u00fcbermittelte IP-Adresse wird nicht mit anderen Daten von Google zusammengef\u00fchrt. Sie k\u00f6nnen die Speicherung der Cookies durch eine entsprechende Einstellung Ihrer Browser-Software verhindern; wir weisen Sie jedoch darauf hin, dass Sie in diesem Fall gegebenenfalls nicht s\u00e4mtliche Funktionen dieser Website vollumf\u00e4nglich werden nutzen k\u00f6nnen. Sie k\u00f6nnen dar\u00fcber hinaus die Erfassung der durch das Cookie erzeugten und auf Ihre Nutzung der Website bezogenen Daten (inkl. Ihrer IP-Adresse) an Google sowie die Verarbeitung dieser Daten durch Google verhindern, indem Sie das unter dem folgenden Link (http:\/\/tools.google.com\/dlpage\/gaoptout?hl=de) verf\u00fcgbare Browser-Plugin herunterladen und installieren.<\/p>\n<p>N\u00e4here Informationen zu Nutzungsbedingungen und Datenschutz finden Sie unter http:\/\/www.google.com\/analytics\/terms\/de.html bzw. unter https:\/\/www.google.de\/intl\/de\/policies\/.<\/p>\n<p>Die Nutzung unserer Webseite ist in der Regel ohne Angabe personenbezogener Daten m\u00f6glich. Soweit auf unseren Seiten personenbezogene Daten (beispielsweise Name, Anschrift oder eMail-Adressen) erhoben werden, erfolgt dies, soweit m\u00f6glich, stets auf freiwilliger Basis. Diese Daten werden ohne Ihre ausdr\u00fcckliche Zustimmung nicht an Dritte weitergegeben.<\/p>\n<p>Wir weisen darauf hin, dass die Daten\u00fcbertragung im Internet (z.B. bei der Kommunikation per E-Mail) Sicherheitsl\u00fccken aufweisen kann. Ein l\u00fcckenloser Schutz der Daten vor dem Zugriff durch Dritte ist nicht m\u00f6glich.<\/p>\n<p>Der Nutzung von im Rahmen der Impressumspflicht ver\u00f6ffentlichten Kontaktdaten durch Dritte zur \u00dcbersendung von nicht ausdr\u00fccklich angeforderter Werbung und Informationsmaterialien wird hiermit ausdr\u00fccklich widersprochen. Die Betreiber der Seiten behalten sich ausdr\u00fccklich rechtliche Schritte im Falle der unverlangten Zusendung von Werbeinformationen, etwa durch Spam-Mails, vor.<\/p>\n<div class=\"page-header\">\n<h1>Erkl\u00e4rung zum Datenschutz<\/h1>\n<\/div>\n<div>\n<p><strong>Vorwort<\/strong><br \/>\nWir nehmen den Schutz Ihrer privaten Daten ernst. Die besondere Beachtung der Privatsph\u00e4re bei der Verarbeitung pers\u00f6nlicher Daten ist uns ein wichtiges Anliegen. Pers\u00f6nliche Daten werden gem\u00e4\u00df den gesetzlichen Bestimmungen der Datenschutzgrundverordnung der EU (DS-GVO) und des Bundesdatenschutzgesetzes BDSG verwendet. Die Betreiber dieser Website verpflichten sich zur Verschwiegenheit. Diese Webseiten k\u00f6nnen Links zu Webseiten anderer Anbieter enthalten, auf die sich diese Datenschutzerkl\u00e4rung nicht erstreckt.<\/p>\n<p><strong>Auskunftsrecht, Recht auf Berichtigung, Sperrung, L\u00f6schung<\/strong><br \/>\nAuf schriftliche Anfrage informieren wir Sie \u00fcber die zu Ihrer Person durch uns gespeicherten Daten. Sie haben auch ein Recht auf Berichtigung, Sperrung oder L\u00f6schung dieser Daten. Die Anfrage ist an unsere im Impressum der Webseite angegebene Adresse zu richten.<\/p>\n<p><strong>Allgemeine Erhebung von Daten<\/strong><br \/>\nWenn Sie auf unsere Webseite zugreifen oder eine Datei abrufen, werden Daten \u00fcber diesen Vorgang in einer Protokolldatei auf unserem Webserver gespeichert. Im Einzelnen k\u00f6nnen folgende Daten gespeichert werden:<\/p>\n<ul>\n<li>IP-Adresse (wenn m\u00f6glich, wird diese anonymisiert \u00fcbertragen oder gespeichert)<\/li>\n<li>Domain-Name der Webseite, von der Sie kamen<\/li>\n<li>Namen der abgerufenen Dateien<\/li>\n<li>Datum und Uhrzeit eines Abrufs<\/li>\n<li>Name Ihres Internet Service Providers<\/li>\n<li>sowie ggf. Betriebssystem und Browserversion Ihres Endger\u00e4ts<\/li>\n<\/ul>\n<p>IP-Adressen speichern wir, wenn \u00fcberhaupt, \u00fcber einen Zeitraum von wenigen Tagen. Die Speicherung erfolgt aus Datensicherheitsgr\u00fcnden, um die Stabilit\u00e4t und die Sicherheit unseres Systems zu gew\u00e4hrleisten. Die statistische Auswertung anonymisierter Datens\u00e4tze bleibt vorbehalten.<\/p>\n<p><strong>Personenbezogene Daten<\/strong><br \/>\nPersonenbezogene Daten sind alle Informationen, die sich auf eine identifizierte oder identifizierbare nat\u00fcrliche Person beziehen. Darunter fallen z.B. Informationen wie richtiger Name, Adresse, Postanschrift, Telefonnummer.<br \/>\nMan kann unser Online-Angebot grunds\u00e4tzlich ohne Offenlegung der Identit\u00e4t nutzen. In Verbindung mit dem Zugriff auf unsere Seiten werden serverseitig Daten (zum Beispiel IP-Adresse, Datum, Uhrzeit und betrachtete Seiten) gespeichert. Es findet keine personenbezogene Verwertung statt. Die statistische Auswertung anonymisierter Datens\u00e4tze bleibt vorbehalten.<br \/>\nWir nutzen die pers\u00f6nlichen Daten zu Zwecken der technischen Administration der Webseiten und zur Kundenverwaltung nur im jeweils daf\u00fcr erforderlichen Umfang. Dar\u00fcber hinaus werden pers\u00f6nliche Daten nur dann gespeichert, wenn diese freiwillig angegeben werden.<\/p>\n<p><strong>Weitergabe personenbezogener Daten<\/strong><br \/>\nWir verwenden personenbezogene Informationen nur f\u00fcr diese Webseite. Wir geben die Informationen nicht ohne ausdr\u00fcckliches Einverst\u00e4ndnis an Dritte weiter. Sollten im Rahmen der Auftragsdatenverarbeitung Daten an Dienstleister weitergegeben werden, so sind diese an die Datenschutzgrundverordnung der EU (DS-GVO) und das Bundesdatenschutzgesetz BDSG, an andere gesetzliche Vorschriften und an diese Privacy Policy gebunden.<br \/>\nErhebungen beziehungsweise \u00fcbermittlungen pers\u00f6nlicher Daten an staatliche Einrichtungen und Beh\u00f6rden erfolgen nur im Rahmen zwingender Rechtsvorschriften.<\/p>\n<p><strong>Einsatz von Cookies<\/strong><br \/>\nWir setzen Cookies &#8211; kleine Dateien mit Konfigurationsinformationen &#8211; ein. Sie helfen dabei, benutzerindividuelle Einstellungen zu ermitteln und spezielle Benutzerfunktionen zu realisieren. Wir erfassen keine personenbezogenen Daten \u00fcber Cookies. S\u00e4mtliche Funktionen der Website sind auch ohne Cookies einsetzbar, einige benutzerdefinierte Eigenschaften und Einstellungen sind dann allerdings nicht verf\u00fcgbar.<\/p>\n<p><strong>Kinder<\/strong><br \/>\nPersonen unter 18 Jahren sollten ohne Zustimmung der Eltern oder Erziehungsberechtigten keine personenbezogenen Daten an uns \u00fcbermitteln. Wir fordern keine personenbezogenen Daten von Kindern an, sammeln diese nicht und geben sie nicht an Dritte weiter.<\/p>\n<p><strong>Recht auf Widerruf<\/strong><br \/>\nWenn Sie uns personenbezogene Daten \u00fcberlassen haben, k\u00f6nnen Sie diese jederzeit im Benutzerprofil wieder \u00e4ndern und l\u00f6schen. F\u00fcr eine vollst\u00e4ndige L\u00f6schung des Accounts bitte an den Webmaster wenden. Bis zu diesem Zeitpunkt erfolgte Beitr\u00e4ge in Foren, Kommentaren, Terminank\u00fcndigungen und Artikeln bleiben allerdings unter Umst\u00e4nden erhalten &#8211; Informationen dazu auch bei den allgemeinen Nutzungsbedingungen.<\/p>\n<p><strong>Sicherheitshinweis<\/strong><br \/>\nWir sind bem\u00fcht Ihre personenbezogenen Daten durch Ergreifung aller technischen und organisatorischen M\u00f6glichkeiten so zu speichern, dass sie f\u00fcr Dritte nicht zug\u00e4nglich sind. Bei der Kommunikation per eMail kann die vollst\u00e4ndige Datensicherheit von uns nicht gew\u00e4hrleistet werden, so dass wir Ihnen bei vertraulichen Informationen den Postweg empfehlen.<\/p>\n<p><strong>Google Schriftarten<\/strong><br \/>\nDiese Seite nutzt zur Darstellung bestimmte Schriftarten von Google. Beim Aufruf einer Seite l\u00e4dt Ihr Browser diese. Weitere Informationen zu diesen Google Schriftarten finden Sie unter <a title=\"Google FAQ\" href=\"https:\/\/developers.google.com\/fonts\/faq\" target=\"_blank\" rel=\"noopener\">https:\/\/developers.google.com\/fonts\/faq<\/a> und in der Datenschutzerkl\u00e4rung von Google unter <a title=\"Google Datenschutz\" href=\"https:\/\/www.google.com\/policies\/privacy\/\" target=\"_blank\" rel=\"noopener\">https:\/\/www.google.com\/policies\/privacy\/<\/a><\/p>\n<p><strong>Einsatz von Google Maps<\/strong><br \/>\nDiese Website benutzt Google Maps zur verbesserten Darstellung der Anfahrt zu unserem Unternehmen und zur Darstellung eines Lageplans. Google Maps wird von Google Inc., 1600 Amphitheatre Parkway, Mountain View, CA 94043, USA betrieben. Durch die Nutzung dieser Website erkl\u00e4ren Sie sich mit der Erfassung, Bearbeitung sowie der Nutzung der automatisch erhobenen sowie der von Ihnen eingegeben Daten durch Google, einer seiner Vertreter, oder Drittanbieter einverstanden.<br \/>\nDie Nutzungsbedingungen f\u00fcr Google Maps finden Sie unter\u00a0<a href=\"http:\/\/www.google.com\/intl\/de_de\/help\/terms_maps.html\" target=\"_blank\" rel=\"noopener\">Nutzungsbedingungen f\u00fcr Google Maps<\/a>. Ausf\u00fchrliche Details finden Sie im Datenschutzinformationen von google.de:\u00a0<a href=\"http:\/\/www.google.de\/intl\/de\/privacy\/\" target=\"_blank\" rel=\"noopener\">Transparenz und Wahlm\u00f6glichkeiten<\/a>\u00a0sowie\u00a0<a href=\"http:\/\/www.google.de\/intl\/de\/privacy\/privacy-policy.html\" target=\"_blank\" rel=\"noopener\">Datenschutzbestimmungen<\/a>.<\/p>\n<p><strong>Verwendung externer Ressourcen<\/strong><br \/>\nWir setzen externe Ressourcen &#8211; \u00fcber sogenannte &#8222;Content Delivery Networks&#8220; wie z.B. browser-update.org &#8211; ein. Sie helfen uns dabei, spezielle Funktionen der Homepage f\u00fcr die Besucher zu erm\u00f6glichen bzw. einfacher und effektiver zu realisieren. Die m\u00f6glichst einheitliche Darstellung der Seiten in allen Browsern und Browserversionen ist daf\u00fcr ein Beispiel.<br \/>\nWir erfassen damit keine personenbezogenen Daten, k\u00f6nnen aber nicht ausschlie\u00dfen, dass dadurch die IP-Adresse des Besuchers \u00fcbertragen wird.<\/p>\n<p><strong>\u00c4nderungen dieser Datenschutzerkl\u00e4rung<\/strong><br \/>\nWir behalten uns vor, diese Datenschutzerkl\u00e4rung zu \u00e4ndern, wenn sich die Rechtslage oder dieses Online-Angebot oder die Art der Datenerfassung \u00e4ndert. Dies gilt jedoch nur bez\u00fcglich Erkl\u00e4rungen zur Datenverarbeitung. Sofern eine Einwilligung des Nutzers notwendig ist oder Bestandteile der Datenschutzerkl\u00e4rung eine Regelung des Vertragsverh\u00e4ltnisses mit Nutzern enthalten, erfolgt die \u00c4nderung der Datenschutzerkl\u00e4rung nur nach Zustimmung des Nutzers.<br \/>\nBitte informieren Sie sich daher bei Bedarf \u00fcber diese Datenschutzerkl\u00e4rung, insbesondere, wenn Sie personenbezogene Daten mitteilen.<\/p>\n<p><strong>Recht auf Beschwerde bei einer Aufsichtsbeh\u00f6rde<\/strong><br \/>\nJede betroffene Person hat unbeschadet eines anderweitigen verwaltungsrechtlichen oder gerichtlichen Rechtsbehelfs das Recht auf Beschwerde bei einer Aufsichtsbeh\u00f6rde, insbesondere in dem Mitgliedstaat ihres Aufenthaltsorts, ihres Arbeitsplatzes oder des Orts des mutma\u00dflichen Versto\u00dfes, wenn die betroffene Person der Ansicht ist, dass die Verarbeitung der sie betreffenden personenbezogenen Daten gegen die Datenschutzgrundverordnung der EU (DS-GVO) verst\u00f6\u00dft.<\/p>\n<p><strong>Recht auf Daten\u00fcbertragbarkeit<\/strong><br \/>\nSie haben das Recht die Sie betreffenden personenbezogenen Daten, die Sie uns bereitgestellt haben, in einem strukturierten, g\u00e4ngigen und maschinenlesbaren Format zu erhalten.<\/p>\n<p><strong>Vertraulichkeit Ihres Kundenzugangs<\/strong><br \/>\nWenn Sie Zugang zu einem gesch\u00fctzten Bereich auf unserer Webseite erhalten haben, der durch ein Passwort gesichert ist, sind Sie daf\u00fcr verantwortlich, dieses Passwort vertraulich zu behandeln. Wir bitten Sie, das Passwort niemandem mitzuteilen.<\/p>\n<p><strong>Fragen und Kommentare<\/strong><br \/>\nBei Fragen und f\u00fcr Anregungen und Kommentare zur Datenschutzerkl\u00e4rung wenden Sie sich bitte an:<\/p>\n<\/div>\n<p>Alexandra Lang<br \/>\nEdmund-Lang-Stra\u00dfe 38<br \/>\n64832 Babenhausen<br \/>\nE-Mail: <a href=\"mailto:kontakt@hpp-alexandra-lang.de\">kontakt@hpp-alexandra-lang.de<\/a><br \/>\nTelefon: 06073 7421350<\/p>\n<p><i>Quellen: <a href=\"http:\/\/www.e-recht24.de\/muster-disclaimer.htm\" target=\"_blank\" rel=\"noopener\">Disclaimer eRecht24<\/a>, <a href=\"http:\/\/noppes-mausezahn.de\/impressum\/www.datenschutzbeauftragter-info.de\" target=\"_blank\" rel=\"noopener\">www.datenschutzbeauftragter-info.de<\/a><\/i><\/p>\n","protected":false},"excerpt":{"rendered":"<p>Angaben gem\u00e4\u00df \u00a7 5 TMG: Quelle: e-recht24.de Haftungsausschluss: Haftung f\u00fcr Inhalte Die Inhalte unserer Seiten wurden mit gr\u00f6\u00dfter Sorgfalt erstellt. F\u00fcr die Richtigkeit, Vollst\u00e4ndigkeit und Aktualit\u00e4t der Inhalte k\u00f6nnen wir jedoch keine Gew\u00e4hr \u00fcbernehmen. Als Diensteanbieter sind wir gem\u00e4\u00df \u00a7 7 Abs.1 TMG f\u00fcr eigene Inhalte auf diesen Seiten nach den allgemeinen Gesetzen verantwortlich. Nach [&hellip;]<\/p>\n","protected":false},"author":1,"featured_media":35,"parent":0,"menu_order":0,"comment_status":"closed","ping_status":"closed","template":"fullwidth-page.php","meta":[],"_links":{"self":[{"href":"http:\/\/hpp-alexandra-lang.de\/index.php?rest_route=\/wp\/v2\/pages\/66"}],"collection":[{"href":"http:\/\/hpp-alexandra-lang.de\/index.php?rest_route=\/wp\/v2\/pages"}],"about":[{"href":"http:\/\/hpp-alexandra-lang.de\/index.php?rest_route=\/wp\/v2\/types\/page"}],"author":[{"embeddable":true,"href":"http:\/\/hpp-alexandra-lang.de\/index.php?rest_route=\/wp\/v2\/users\/1"}],"replies":[{"embeddable":true,"href":"http:\/\/hpp-alexandra-lang.de\/index.php?rest_route=%2Fwp%2Fv2%2Fcomments&post=66"}],"version-history":[{"count":4,"href":"http:\/\/hpp-alexandra-lang.de\/index.php?rest_route=\/wp\/v2\/pages\/66\/revisions"}],"predecessor-version":[{"id":112,"href":"http:\/\/hpp-alexandra-lang.de\/index.php?rest_route=\/wp\/v2\/pages\/66\/revisions\/112"}],"wp:featuredmedia":[{"embeddable":true,"href":"http:\/\/hpp-alexandra-lang.de\/index.php?rest_route=\/wp\/v2\/media\/35"}],"wp:attachment":[{"href":"http:\/\/hpp-alexandra-lang.de\/index.php?rest_route=%2Fwp%2Fv2%2Fmedia&parent=66"}],"curies":[{"name":"wp","href":"https:\/\/api.w.org\/{rel}","templated":true}]}}